{"id":63,"date":"2023-06-28T17:25:16","date_gmt":"2023-06-28T17:25:16","guid":{"rendered":"https:\/\/tequilaricava.com.mx\/?page_id=63"},"modified":"2023-06-29T17:00:06","modified_gmt":"2023-06-29T17:00:06","slug":"faq","status":"publish","type":"page","link":"https:\/\/tequilaricava.com.mx\/en\/faq\/","title":{"rendered":"FAQ"},"content":{"rendered":"<p>[et_pb_section fb_built=&#8221;1&#8243; admin_label=&#8221;Header&#8221; _builder_version=&#8221;4.20.2&#8243; _module_preset=&#8221;db093e7d-3d25-44cb-8f0c-dd90e49045f6&#8243; background_color=&#8221;rgba(0,0,0,0.52)&#8221; background_image=&#8221;http:\/\/tequilaricava.com.mx\/wp-content\/uploads\/2023\/06\/08.jpg&#8221; background_enable_image=&#8221;on&#8221; background_position=&#8221;top_center&#8221; background_vertical_offset=&#8221;0%&#8221; background_blend=&#8221;overlay&#8221; custom_padding=&#8221;||16vw||false|false&#8221; hover_enabled=&#8221;0&#8243; collapsed=&#8221;on&#8221; global_colors_info=&#8221;{}&#8221; title_text=&#8221;08&#8243; sticky_enabled=&#8221;0&#8243;][et_pb_row _builder_version=&#8221;4.17.3&#8243; _module_preset=&#8221;ef3d9fa4-5691-4472-9bba-16bd76a921ad&#8221; width=&#8221;70%&#8221; width_tablet=&#8221;80%&#8221; width_phone=&#8221;80%&#8221; width_last_edited=&#8221;on|tablet&#8221; global_colors_info=&#8221;{}&#8221;][et_pb_column type=&#8221;4_4&#8243; _builder_version=&#8221;4.17.1&#8243; _module_preset=&#8221;default&#8221; global_colors_info=&#8221;{}&#8221;][et_pb_text _builder_version=&#8221;4.16.0&#8243; _module_preset=&#8221;85c6e961-613d-44bf-967e-7820eceb130a&#8221; header_font=&#8221;Vast Shadow||||||||&#8221; header_text_color=&#8221;#FFFFFF&#8221; header_font_size=&#8221;90px&#8221; header_line_height=&#8221;1.1em&#8221; text_orientation=&#8221;center&#8221; module_alignment=&#8221;center&#8221; custom_margin=&#8221;||0px||false|false&#8221; header_font_size_tablet=&#8221;40px&#8221; header_font_size_phone=&#8221;24px&#8221; header_font_size_last_edited=&#8221;on|desktop&#8221; global_colors_info=&#8221;{}&#8221;]<\/p>\n<h1>FREQUENTLY ASKED QUESTIONS<\/h1>\n<p>[\/et_pb_text][\/et_pb_column][\/et_pb_row][\/et_pb_section][et_pb_section fb_built=&#8221;1&#8243; admin_label=&#8221;FAQ&#8221; _builder_version=&#8221;4.17.3&#8243; _module_preset=&#8221;db093e7d-3d25-44cb-8f0c-dd90e49045f6&#8243; top_divider_flip=&#8221;horizontal&#8221; collapsed=&#8221;on&#8221; global_colors_info=&#8221;{}&#8221;][et_pb_row custom_padding_last_edited=&#8221;on|phone&#8221; _builder_version=&#8221;4.16.0&#8243; _module_preset=&#8221;ef3d9fa4-5691-4472-9bba-16bd76a921ad&#8221; background_color=&#8221;#e02053&#8243; custom_margin=&#8221;-15vw||||false|false&#8221; custom_margin_tablet=&#8221;-21vw||||false|false&#8221; custom_margin_phone=&#8221;||||false|false&#8221; custom_margin_last_edited=&#8221;off|desktop&#8221; custom_padding=&#8221;80px|80px|80px|80px|true|true&#8221; custom_padding_tablet=&#8221;30px|20px|30px|20px|true|true&#8221; custom_padding_phone=&#8221;20px|0px|20px|0px|true|true&#8221; global_colors_info=&#8221;{}&#8221;][et_pb_column type=&#8221;4_4&#8243; _builder_version=&#8221;4.17.3&#8243; _module_preset=&#8221;default&#8221; global_colors_info=&#8221;{}&#8221;][et_pb_accordion open_toggle_text_color=&#8221;#22434A&#8221; open_toggle_background_color=&#8221;RGBA(255,255,255,0)&#8221; closed_toggle_background_color=&#8221;RGBA(255,255,255,0)&#8221; toggle_icon=&#8221;&#x50;||divi||400&#8243; icon_color=&#8221;#FFFFFF&#8221; _builder_version=&#8221;4.16.0&#8243; _module_preset=&#8221;default&#8221; toggle_text_color=&#8221;#22434A&#8221; toggle_font=&#8221;Inter|700|||||||&#8221; toggle_font_size=&#8221;19px&#8221; toggle_line_height=&#8221;1.2em&#8221; body_font=&#8221;Inter||||||||&#8221; body_text_color=&#8221;#22434A&#8221; body_font_size=&#8221;17px&#8221; body_line_height=&#8221;1.8em&#8221; background_color=&#8221;#e02053&#8243; toggle_font_size_tablet=&#8221;16px&#8221; toggle_font_size_phone=&#8221;13px&#8221; toggle_font_size_last_edited=&#8221;on|desktop&#8221; body_font_size_tablet=&#8221;16px&#8221; body_font_size_phone=&#8221;14px&#8221; body_font_size_last_edited=&#8221;on|phone&#8221; border_width_all=&#8221;0px&#8221; border_width_bottom=&#8221;1px&#8221; border_color_bottom=&#8221;rgba(46,91,97,0.2)&#8221; global_colors_info=&#8221;{}&#8221;][et_pb_accordion_item title=&#8221;\u00bfDonde se hace el Tequila Ricava? &#8221; open=&#8221;on&#8221; open_toggle_text_color=&#8221;#FFFFFF&#8221; closed_toggle_text_color=&#8221;#FFFFFF&#8221; _builder_version=&#8221;4.16.0&#8243; _module_preset=&#8221;default&#8221; body_font=&#8221;Inter||||||||&#8221; body_text_color=&#8221;#FFFFFF&#8221; background_color=&#8221;#e02053&#8243; background_enable_color=&#8221;on&#8221; body_font_size_tablet=&#8221;&#8221; body_font_size_phone=&#8221;13px&#8221; body_font_size_last_edited=&#8221;on|phone&#8221; global_colors_info=&#8221;{}&#8221; toggle_text_color=&#8221;#FFFFFF&#8221; toggle_font_size_tablet=&#8221;&#8221; toggle_font_size_phone=&#8221;16px&#8221; toggle_font_size_last_edited=&#8221;on|phone&#8221;]<\/p>\n<p><span>Agave tequilana Weber, blue variety, is harvested from the lowlands, the official and only agave for tequila distillation at an altitude between 1100 and 1600 meters. RICAVA TEQUILA is manufactured in Tequila, Jalisco under Mexican Government regulations.<\/span><\/p>\n<p>[\/et_pb_accordion_item][et_pb_accordion_item title=&#8221;\u00bfQu\u00e9 tipo de tequilas tenemos?&#8221; open_toggle_text_color=&#8221;#FFFFFF&#8221; closed_toggle_text_color=&#8221;#FFFFFF&#8221; _builder_version=&#8221;4.16.0&#8243; _module_preset=&#8221;default&#8221; body_font=&#8221;Inter||||||||&#8221; body_text_color=&#8221;#FFFFFF&#8221; background_color=&#8221;#e02053&#8243; background_enable_color=&#8221;on&#8221; global_colors_info=&#8221;{}&#8221; toggle_text_color=&#8221;#FFFFFF&#8221; toggle_font_size_tablet=&#8221;&#8221; toggle_font_size_phone=&#8221;16px&#8221; toggle_font_size_last_edited=&#8221;on|phone&#8221; open=&#8221;off&#8221;]<\/p>\n<p><span>We have four fantastic varieties of tequila to choose from. The classics; Blanco, A\u00f1ejo and Reposado. Ricava is also proud to introduce Tequila Rosa, our exclusive and delicious pink tequila.\u00a0<\/span><\/p>\n<p>[\/et_pb_accordion_item][et_pb_accordion_item title=&#8221;\u00bfQu\u00e9 es el tequila %22Rosa%22? &#8221; open_toggle_text_color=&#8221;#FFFFFF&#8221; closed_toggle_text_color=&#8221;#FFFFFF&#8221; _builder_version=&#8221;4.16.0&#8243; _module_preset=&#8221;default&#8221; body_font=&#8221;Inter||||||||&#8221; body_text_color=&#8221;#FFFFFF&#8221; background_color=&#8221;#e02053&#8243; background_enable_color=&#8221;on&#8221; global_colors_info=&#8221;{}&#8221; toggle_text_color=&#8221;#FFFFFF&#8221; toggle_font_size_tablet=&#8221;&#8221; toggle_font_size_phone=&#8221;16px&#8221; toggle_font_size_last_edited=&#8221;on|phone&#8221; open=&#8221;off&#8221;]<\/p>\n<p class=\"translation-block\">The crystalline pink color and smooth taste offer an experience like no other. It is crystalline pale pink, has a floral aroma, cooked agave, light woody notes and has a smooth, creamy, light woody flavor with a floral finish.<\/p>\n<p>[\/et_pb_accordion_item][et_pb_accordion_item title=&#8221;\u00bfCuanto tiempo se madura el Tequila? &#8221; open_toggle_text_color=&#8221;#FFFFFF&#8221; closed_toggle_text_color=&#8221;#FFFFFF&#8221; _builder_version=&#8221;4.16.0&#8243; _module_preset=&#8221;default&#8221; body_font=&#8221;Inter||||||||&#8221; body_text_color=&#8221;#FFFFFF&#8221; background_color=&#8221;#e02053&#8243; background_enable_color=&#8221;on&#8221; global_colors_info=&#8221;{}&#8221; toggle_text_color=&#8221;#FFFFFF&#8221; toggle_font_size_tablet=&#8221;&#8221; toggle_font_size_phone=&#8221;16px&#8221; toggle_font_size_last_edited=&#8221;on|phone&#8221; open=&#8221;off&#8221;]<\/p>\n<p><span>Reposado - 4 months<\/span><br \/><span>\u200d<\/span><br \/><span>A\u00f1ejo - 1.5 years<\/span><\/p>\n<p>[\/et_pb_accordion_item][et_pb_accordion_item title=&#8221;\u00bfPor qu\u00e9 es Ricava mejor que otras?  &#8221; open_toggle_text_color=&#8221;#FFFFFF&#8221; closed_toggle_text_color=&#8221;#FFFFFF&#8221; _builder_version=&#8221;4.16.0&#8243; _module_preset=&#8221;default&#8221; body_font=&#8221;Inter||||||||&#8221; body_text_color=&#8221;#FFFFFF&#8221; background_color=&#8221;#e02053&#8243; background_enable_color=&#8221;on&#8221; global_colors_info=&#8221;{}&#8221; toggle_text_color=&#8221;#FFFFFF&#8221; toggle_font_size_tablet=&#8221;&#8221; toggle_font_size_phone=&#8221;16px&#8221; toggle_font_size_last_edited=&#8221;on|phone&#8221; open=&#8221;off&#8221;]<\/p>\n<p><span>At Ricava we have a passion for the art of making tequila, a passion that leads us to select the best agaves, to perfect each stage of the process, a passion for distilling a tequila with fine aromas, a tequila with premium characteristics that is distinguished in each bottle.<\/span><\/p>\n<p>[\/et_pb_accordion_item][\/et_pb_accordion][\/et_pb_column][\/et_pb_row][\/et_pb_section]<\/p>","protected":false},"excerpt":{"rendered":"<p>Preguntas FrecuentesAgave tequilana Weber, variedad azul, se cosecha de las tierras bajas, el agave oficial y \u00fanico para la destilaci\u00f3n de tequila a una altura entre 1100 y 1600 metros. RICAVA TEQUILA se fabrica en Tequila, Jalisco bajo las regulaciones del Gobierno Mexicano.Tenemos cuatro fant\u00e1sticas variedades de tequila para elegir. Los cl\u00e1sicos; Blanco, A\u00f1ejo y [&hellip;]<\/p>","protected":false},"author":1,"featured_media":0,"parent":0,"menu_order":0,"comment_status":"closed","ping_status":"closed","template":"","meta":{"_et_pb_use_builder":"on","_et_pb_old_content":"","_et_gb_content_width":"","footnotes":""},"class_list":["post-63","page","type-page","status-publish","hentry"],"_links":{"self":[{"href":"https:\/\/tequilaricava.com.mx\/en\/wp-json\/wp\/v2\/pages\/63","targetHints":{"allow":["GET"]}}],"collection":[{"href":"https:\/\/tequilaricava.com.mx\/en\/wp-json\/wp\/v2\/pages"}],"about":[{"href":"https:\/\/tequilaricava.com.mx\/en\/wp-json\/wp\/v2\/types\/page"}],"author":[{"embeddable":true,"href":"https:\/\/tequilaricava.com.mx\/en\/wp-json\/wp\/v2\/users\/1"}],"replies":[{"embeddable":true,"href":"https:\/\/tequilaricava.com.mx\/en\/wp-json\/wp\/v2\/comments?post=63"}],"version-history":[{"count":4,"href":"https:\/\/tequilaricava.com.mx\/en\/wp-json\/wp\/v2\/pages\/63\/revisions"}],"predecessor-version":[{"id":113,"href":"https:\/\/tequilaricava.com.mx\/en\/wp-json\/wp\/v2\/pages\/63\/revisions\/113"}],"wp:attachment":[{"href":"https:\/\/tequilaricava.com.mx\/en\/wp-json\/wp\/v2\/media?parent=63"}],"curies":[{"name":"wp","href":"https:\/\/api.w.org\/{rel}","templated":true}]}}